{"id":70,"date":"2017-03-21T10:00:42","date_gmt":"2017-03-21T09:00:42","guid":{"rendered":"http:\/\/www.brwcomfort.pl\/?page_id=70"},"modified":"2018-03-19T10:31:25","modified_gmt":"2018-03-19T09:31:25","slug":"lozka","status":"publish","type":"page","link":"https:\/\/www.brwcomfort.pl\/pl\/lozka\/","title":{"rendered":"\u0141\u00f3\u017cka"},"content":{"rendered":"","protected":false},"excerpt":{"rendered":"","protected":false},"author":4,"featured_media":0,"parent":0,"menu_order":0,"comment_status":"closed","ping_status":"closed","template":"page-bed.php","meta":{"_acf_changed":false,"footnotes":""},"class_list":["post-70","page","type-page","status-publish","hentry"],"acf":[],"_links":{"self":[{"href":"https:\/\/www.brwcomfort.pl\/pl\/wp-json\/wp\/v2\/pages\/70","targetHints":{"allow":["GET"]}}],"collection":[{"href":"https:\/\/www.brwcomfort.pl\/pl\/wp-json\/wp\/v2\/pages"}],"about":[{"href":"https:\/\/www.brwcomfort.pl\/pl\/wp-json\/wp\/v2\/types\/page"}],"author":[{"embeddable":true,"href":"https:\/\/www.brwcomfort.pl\/pl\/wp-json\/wp\/v2\/users\/4"}],"replies":[{"embeddable":true,"href":"https:\/\/www.brwcomfort.pl\/pl\/wp-json\/wp\/v2\/comments?post=70"}],"version-history":[{"count":6,"href":"https:\/\/www.brwcomfort.pl\/pl\/wp-json\/wp\/v2\/pages\/70\/revisions"}],"predecessor-version":[{"id":425,"href":"https:\/\/www.brwcomfort.pl\/pl\/wp-json\/wp\/v2\/pages\/70\/revisions\/425"}],"wp:attachment":[{"href":"https:\/\/www.brwcomfort.pl\/pl\/wp-json\/wp\/v2\/media?parent=70"}],"curies":[{"name":"wp","href":"https:\/\/api.w.org\/{rel}","templated":true}]}}